{"id":414,"date":"2025-06-16T13:49:22","date_gmt":"2025-06-16T11:49:22","guid":{"rendered":"https:\/\/www.ruts.cat\/?page_id=414"},"modified":"2025-06-16T13:55:55","modified_gmt":"2025-06-16T11:55:55","slug":"cita-cancelada","status":"publish","type":"page","link":"https:\/\/www.ruts.cat\/en\/cita-cancelada\/","title":{"rendered":"Cita cancelada"},"content":{"rendered":"<div data-elementor-type=\"wp-page\" data-elementor-id=\"414\" class=\"elementor elementor-414\" data-elementor-post-type=\"page\">\n\t\t\t\t<div class=\"elementor-element elementor-element-e3ba2c2 e-flex e-con-boxed e-con e-parent\" data-id=\"e3ba2c2\" data-element_type=\"container\" data-e-type=\"container\">\n\t\t\t\t\t<div class=\"e-con-inner\">\n\t\t\t\t<div class=\"elementor-element elementor-element-4bad592 elementor-invisible elementor-widget elementor-widget-heading\" data-id=\"4bad592\" data-element_type=\"widget\" data-e-type=\"widget\" data-settings=\"{&quot;_animation&quot;:&quot;fadeIn&quot;,&quot;_animation_delay&quot;:300}\" data-widget_type=\"heading.default\">\n\t\t\t\t<div class=\"elementor-widget-container\">\n\t\t\t\t\t<p class=\"elementor-heading-title elementor-size-default\">YOUR APPOINTMENT<br> HAS BEEN CANCELLED<\/p>\t\t\t\t<\/div>\n\t\t\t\t<\/div>\n\t\t\t\t<div class=\"elementor-element elementor-element-63fad59 elementor-widget__width-initial elementor-widget elementor-widget-text-editor\" data-id=\"63fad59\" data-element_type=\"widget\" data-e-type=\"widget\" data-widget_type=\"text-editor.default\">\n\t\t\t\t<div class=\"elementor-widget-container\">\n\t\t\t\t\t\t\t\t\t<div id=\"ultimate-heading-90006850048f0d7b9\" class=\"uvc-heading ult-adjust-bottom-margin ultimate-heading-90006850048f0d7b9 uvc-8347\" data-hspacer=\"no_spacer\" data-halign=\"center\"><div class=\"uvc-sub-heading ult-responsive\" data-ultimate-target=\".uvc-heading.ultimate-heading-90006850048f0d7b9 .uvc-sub-heading \" data-responsive-json-new=\"{&quot;font-size&quot;:&quot;desktop:15px;&quot;,&quot;line-height&quot;:&quot;desktop:25px;&quot;}\"><p>We have sent you an email to confirm that you have cancelled your appointment at RUT'S.<\/p><p>Remember that cancellations are made a maximum of two hours before the start of the service. If you have not received an email, please contact us by calling\u00a0<strong><a href=\"tel:972979816\">972 97 98 16<\/a><\/strong>.<\/p><\/div><\/div><div id=\"ultimate-heading-13526850048f0d8bb\" class=\"uvc-heading ult-adjust-bottom-margin ultimate-heading-13526850048f0d8bb uvc-1299\" data-hspacer=\"no_spacer\" data-halign=\"center\"><div class=\"uvc-sub-heading ult-responsive\" style=\"text-align: center;\" data-ultimate-target=\".uvc-heading.ultimate-heading-13526850048f0d8bb .uvc-sub-heading \" data-responsive-json-new=\"{&quot;font-size&quot;:&quot;desktop:15px;&quot;,&quot;line-height&quot;:&quot;desktop:25px;&quot;}\">If you want to book an appointment for another day, click here:<\/div><\/div>\t\t\t\t\t\t\t\t<\/div>\n\t\t\t\t<\/div>\n\t\t\t\t<div class=\"elementor-element elementor-element-01f6280 elementor-align-center elementor-widget elementor-widget-button\" data-id=\"01f6280\" data-element_type=\"widget\" data-e-type=\"widget\" data-widget_type=\"button.default\">\n\t\t\t\t<div class=\"elementor-widget-container\">\n\t\t\t\t\t\t\t\t\t<div class=\"elementor-button-wrapper\">\n\t\t\t\t\t<a class=\"elementor-button elementor-button-link elementor-size-sm elementor-animation-grow\" href=\"\/en\/#reserva\">\n\t\t\t\t\t\t<span class=\"elementor-button-content-wrapper\">\n\t\t\t\t\t\t\t\t\t<span class=\"elementor-button-text\">BOOK<\/span>\n\t\t\t\t\t<\/span>\n\t\t\t\t\t<\/a>\n\t\t\t\t<\/div>\n\t\t\t\t\t\t\t\t<\/div>\n\t\t\t\t<\/div>\n\t\t\t\t\t<\/div>\n\t\t\t\t<\/div>\n\t\t\t\t<\/div>","protected":false},"excerpt":{"rendered":"<p>LA TEVA CITA HA ESTAT CANCEL\u00b7LADA T\u2019hem enviat un correu electr\u00f2nic per confirmar que has cancel\u00b7lat la teva cita a RUT&#8217;S Recorda que les cancelacions es fan com a m\u00e0xim dues hores abans del comen\u00e7ament del servei. Si no has rebut cap correu electr\u00f2nic posa\u2019t en contacte amb nosaltres trucant al\u00a0972 97 98 16. Si [&hellip;]<\/p>\n","protected":false},"author":1,"featured_media":0,"parent":0,"menu_order":0,"comment_status":"closed","ping_status":"closed","template":"","meta":{"footnotes":""},"class_list":["post-414","page","type-page","status-publish","hentry"],"_links":{"self":[{"href":"https:\/\/www.ruts.cat\/en\/wp-json\/wp\/v2\/pages\/414","targetHints":{"allow":["GET"]}}],"collection":[{"href":"https:\/\/www.ruts.cat\/en\/wp-json\/wp\/v2\/pages"}],"about":[{"href":"https:\/\/www.ruts.cat\/en\/wp-json\/wp\/v2\/types\/page"}],"author":[{"embeddable":true,"href":"https:\/\/www.ruts.cat\/en\/wp-json\/wp\/v2\/users\/1"}],"replies":[{"embeddable":true,"href":"https:\/\/www.ruts.cat\/en\/wp-json\/wp\/v2\/comments?post=414"}],"version-history":[{"count":16,"href":"https:\/\/www.ruts.cat\/en\/wp-json\/wp\/v2\/pages\/414\/revisions"}],"predecessor-version":[{"id":431,"href":"https:\/\/www.ruts.cat\/en\/wp-json\/wp\/v2\/pages\/414\/revisions\/431"}],"wp:attachment":[{"href":"https:\/\/www.ruts.cat\/en\/wp-json\/wp\/v2\/media?parent=414"}],"curies":[{"name":"wp","href":"https:\/\/api.w.org\/{rel}","templated":true}]}}