{"id":112,"date":"2025-05-22T12:28:33","date_gmt":"2025-05-22T10:28:33","guid":{"rendered":"https:\/\/www.ruts.cat\/?page_id=112"},"modified":"2025-05-22T12:43:29","modified_gmt":"2025-05-22T10:43:29","slug":"politica-de-privacitat","status":"publish","type":"page","link":"https:\/\/www.ruts.cat\/es\/politica-de-privacitat\/","title":{"rendered":"Pol\u00edtica de privacidad"},"content":{"rendered":"<div data-elementor-type=\"wp-page\" data-elementor-id=\"112\" class=\"elementor elementor-112\" data-elementor-post-type=\"page\">\n\t\t\t\t<div class=\"elementor-element elementor-element-71f5b389 e-flex e-con-boxed e-con e-parent\" data-id=\"71f5b389\" data-element_type=\"container\" data-e-type=\"container\">\n\t\t\t\t\t<div class=\"e-con-inner\">\n\t\t\t\t<div class=\"elementor-element elementor-element-6ddb9c70 elementor-widget elementor-widget-heading\" data-id=\"6ddb9c70\" data-element_type=\"widget\" data-e-type=\"widget\" data-widget_type=\"heading.default\">\n\t\t\t\t<div class=\"elementor-widget-container\">\n\t\t\t\t\t<h2 class=\"elementor-heading-title elementor-size-default\">Pol\u00edtica de privacidad<\/h2>\t\t\t\t<\/div>\n\t\t\t\t<\/div>\n\t\t\t\t<div class=\"elementor-element elementor-element-30ff62db elementor-widget elementor-widget-text-editor\" data-id=\"30ff62db\" data-element_type=\"widget\" data-e-type=\"widget\" data-widget_type=\"text-editor.default\">\n\t\t\t\t<div class=\"elementor-widget-container\">\n\t\t\t\t\t\t\t\t\t<p><b>1. DATOS DEL RESPONSABLE DEL TRATAMIENTO<\/b><span class=\"Apple-converted-space\">\u00a0<\/span><\/p><p>Raz\u00f3n Social: RUT SANCHEZ AGUILAR (en adelante, la \u201cEmpresa\u201d o el \u201cResponsable\u201d).<br \/>CIF: 40559475X<br \/>Domicilio: C\/ PAU CASALS N\u00ba24 local 2 \u2013 17001 \u2013 GIRONA \u2013 GIRONA<br \/>Tel\u00e9fono: 654200132<br \/>Email para comunicaciones en materia de Protecci\u00f3n de datos: <a href=\"mailto:rutsanchezaguilar@gmail.com\">rutsanchezaguilar@gmail.com<\/a><\/p><p><b>1.1. Normativa aplicable<\/b><span class=\"Apple-converted-space\">\u00a0<\/span><\/p><p>Nuestra Pol\u00edtica de Privacidad se ha dise\u00f1ado de acuerdo con el <b>Reglamento General de Protecci\u00f3n de Datos de la UE 2016\/679 del Parlamento Europeo <\/b>y del Consejo, de 27 de abril de 2016, relativo a la protecci\u00f3n de las personas f\u00edsicas en lo que respecta al tratamiento de datos personales y a la libre circulaci\u00f3n de estos datos y por el que se deroga la Directiva 95\/46\/CE (Reglamento general de protecci\u00f3n de datos), y la Ley Org\u00e1nica 3\/2018 del 5 de diciembre, de Protecci\u00f3n de Datos de Car\u00e1cter Personal y Garant\u00eda de los Derechos Digitales.<span class=\"Apple-converted-space\">\u00a0<\/span><\/p><p>Al facilitarnos sus datos, Usted declara haber le\u00eddo y conocer la presente Pol\u00edtica de Privacidad, prestando su consentimiento inequ\u00edvoco y expreso al tratamiento de sus datos personales de acuerdo a las finalidades y t\u00e9rminos aqu\u00ed expresados.<span class=\"Apple-converted-space\">\u00a0<\/span><\/p><p>La Empresa podr\u00e1 modificar la presente Pol\u00edtica de Privacidad para adaptarla a las novedades legislativas, jurisprudenciales o de interpretaci\u00f3n de la Agencia Espa\u00f1ola de Protecci\u00f3n de Datos. Estas condiciones de privacidad podr\u00e1n ser complementadas por el Aviso Legal, Pol\u00edtica de Cookies y las Condiciones Generales que, en su caso, se recojan para determinados productos o servicios, si dicho acceso supone alguna especialidad en materia de protecci\u00f3n de datos de car\u00e1cter personal.<span class=\"Apple-converted-space\">\u00a0<\/span><\/p><p><b>1.2. Delegado de Protecci\u00f3n de Datos<\/b><\/p><p>LOPDMONTOLIU I SERVEIS SL, con CIF<span class=\"Apple-converted-space\">\u00a0 <\/span>B55261804. El tel\u00e9fono de contacto es 625459540 y el correo electr\u00f3nico: info@lopdmontoliu.es<\/p><p><b>2. FINALIDAD DEL TRATAMIENTO DE LOS DATOS PERSONALES<\/b><span class=\"Apple-converted-space\">\u00a0<\/span><\/p><p>El tratamiento que realizamos de sus datos personales responde a las siguientes finalidades:<span class=\"Apple-converted-space\">\u00a0<\/span><\/p><p>\u2013 Proporcionarle informaci\u00f3n relacionada con los productos y servicios que ofrece nuestra empresa y que detallan en este web site.<\/p><p>\u2013 Realizar la contrataci\u00f3n de nuestros servicios mediante la aceptaci\u00f3n del correspondiente presupuesto \/ pedido y\/o la firma de un contrato mercantil.<span class=\"Apple-converted-space\">\u00a0<\/span><\/p><p>\u2013 Enviarle por correo electr\u00f3nico y\/o postal las noticias y novedades acerca de nuestra entidad, as\u00ed como las actualizaciones de nuestro cat\u00e1logo de productos y servicios.<\/p><p><b>2.1. Plazo de Conservaci\u00f3n de sus datos<\/b><span class=\"Apple-converted-space\">\u00a0<\/span><\/p><p>Conservaremos sus datos personales desde que nos d\u00e9 su consentimiento hasta que lo revoque o bien solicite la limitaci\u00f3n del tratamiento. En tales casos, mantendremos sus datos de manera bloqueada durante los plazos legalmente exigidos.<span class=\"Apple-converted-space\">\u00a0<\/span><\/p><p><b>3. LEGITIMACI\u00d3N Y DATOS RECABADOS<\/b><span class=\"Apple-converted-space\">\u00a0<\/span><\/p><p>La legitimaci\u00f3n para el tratamiento de sus datos es el consentimiento expreso otorgado mediante un acto positivo y afirmativo (rellenar el formulario correspondiente y marcar la casilla de aceptaci\u00f3n de esta pol\u00edtica) en el momento de facilitarnos sus datos personales.<span class=\"Apple-converted-space\">\u00a0<\/span><\/p><p><b>3.1. Consentimiento para tratar sus datos<\/b><span class=\"Apple-converted-space\">\u00a0<\/span><\/p><p>Al rellenar los formularios, marcar la casilla \u201cAcepto la Pol\u00edtica de Privacidad\u201d y hacer clic para enviar los datos, o al remitir correos electr\u00f3nicos a la Empresa a trav\u00e9s de las cuentas habilitadas al efecto, el Usuario manifiesta haber le\u00eddo y aceptado expresamente la presente pol\u00edtica de privacidad, y otorga su consentimiento inequ\u00edvoco y expreso al tratamiento de sus datos personales conforme a las finalidades indicadas.<span class=\"Apple-converted-space\">\u00a0<\/span><\/p><p><b>3.2. Categor\u00edas de datos<\/b><span class=\"Apple-converted-space\">\u00a0<\/span><\/p><p>Los datos que se recaban se refieren a la categor\u00eda de datos identificativos, como pueden ser: Nombre y Apellidos, Tel\u00e9fono, Direcci\u00f3n Postal, Empresa, Correo electr\u00f3nico, as\u00ed como la direcci\u00f3n IP desde donde accede al formulario de recogida de datos.<\/p><p><b>4. MEDIDAS DE SEGURIDAD<\/b><span class=\"Apple-converted-space\">\u00a0<\/span><\/p><p>Dentro de nuestro compromiso por garantizar la seguridad y confidencialidad de sus datos de car\u00e1cter personal, le informamos que se han adoptado las medidas de \u00edndole t\u00e9cnica y organizativas necesarias para garantizar la seguridad de los datos de car\u00e1cter personal y evitar su alteraci\u00f3n, p\u00e9rdida, tratamiento o acceso no autorizado, habida cuenta del estado de la tecnolog\u00eda, la naturaleza de los datos almacenados y los riesgos a que est\u00e9n expuestos, seg\u00fan el Art. 32 del RGPD EU 679\/2016.<\/p><p><b>5. CESI\u00d3N DE DATOS<\/b><span class=\"Apple-converted-space\">\u00a0<\/span><\/p><p>No se prev\u00e9n cesiones de datos ni transferencias internacionales de sus datos, a excepci\u00f3n de las autorizadas por la legislaci\u00f3n fiscal, mercantil y de telecomunicaciones as\u00ed como en aquellos casos en los que una autoridad judicial nos lo requiera.<\/p><p><b>6. DERECHOS DEL USUARIO<\/b><span class=\"Apple-converted-space\">\u00a0<\/span><\/p><p>Cualquier interesado tiene derecho a obtener confirmaci\u00f3n sobre si estamos tratando datos personales que le conciernan, o no. Las personas interesadas tienen derecho a acceder a sus datos personales, as\u00ed como a solicitar la rectificaci\u00f3n de los datos inexactos o, en su caso, solicitar su supresi\u00f3n cuando, entre otros motivos, los datos ya no sea necesario para los fines que fueron recogidos. En determinadas circunstancias, los interesados podr\u00e1n solicitar la limitaci\u00f3n del tratamiento de sus datos, en cuyo caso \u00fanicamente los conservaremos para el ejercicio o la defensa de reclamaciones. Por motivos relacionados con su situaci\u00f3n particular, los interesados podr\u00e1n oponerse al tratamiento de sus datos. El Responsable del fichero dejar\u00e1 de tratar los datos, salvo por motivos leg\u00edtimos imperiosos, o el ejercicio o la defensa de posibles reclamaciones.<\/p><p>De acuerdo con la legislaci\u00f3n vigente tiene los siguientes derechos: derecho a solicitar el acceso a sus datos personales, derecho a solicitar su rectificaci\u00f3n o supresi\u00f3n, derecho a solicitar la limitaci\u00f3n de su tratamiento, derecho a oponerse al tratamiento, derecho a la portabilidad de los datos y as\u00ed mismo, a revocar el consentimiento otorgado.<span class=\"Apple-converted-space\">\u00a0<\/span><\/p><p><b>6.1. \u00bfC\u00f3mo ejercitar mis derechos?<\/b><span class=\"Apple-converted-space\">\u00a0<\/span><\/p><p>Para ejercer sus derechos, debe dirigirse al responsable, solicitando el correspondiente formulario para el ejercicio del derecho elegido. Opcionalmente, puede acudir a la Autoridad de Control competente para obtener informaci\u00f3n adicional acerca de sus derechos. Los datos de contacto para el ejercicio de sus derechos son el tel\u00e9fono <b>654200132<\/b> y el correo electr\u00f3nico: <a href=\"mailto:rutsanchezaguilar@gmail.com\"><b>rutsanchezaguilar@gmail.com<\/b><\/a>. Recuerde acompa\u00f1ar una copia de un documento que nos permita identificarle.<\/p><p><b>7. CONSENTIMIENTO PARA ENV\u00cdO DE COMUNICACIONES ELECTR\u00d3NICAS<\/b><\/p><p>As\u00ed mismo, y de acuerdo con lo establecido en la Ley 34\/2002, de 11 de julio, de Servicios de la Sociedad de la Informaci\u00f3n y del Comercio Electr\u00f3nico, completando el formulario de recogida de datos y marcando la correspondiente casilla \u201cAcepto\u201d est\u00e1 otorgando el consentimiento expreso para enviarle a su direcci\u00f3n de correo electr\u00f3nico, tel\u00e9fono, fax u otro medio electr\u00f3nico en env\u00edo de informaci\u00f3n acerca de la Empresa.<\/p>\t\t\t\t\t\t\t\t<\/div>\n\t\t\t\t<\/div>\n\t\t\t\t\t<\/div>\n\t\t\t\t<\/div>\n\t\t\t\t<\/div>","protected":false},"excerpt":{"rendered":"<p>1. DATOS DEL RESPONSABLE DEL TRATAMIENTO\u00a0 Raz\u00f3n Social: RUT SANCHEZ AGUILAR (en adelante, la \u201cEmpresa\u201d o el \u201cResponsable\u201d).CIF: 40559475XDomicilio: C\/ PAU CASALS N\u00ba24 local 2 \u2013 17001 \u2013 GIRONA \u2013 GIRONATel\u00e9fono: 654200132Email para comunicaciones en materia de Protecci\u00f3n de datos: rutsanchezaguilar@gmail.com 1.1. Normativa aplicable\u00a0 Nuestra Pol\u00edtica de Privacidad se ha dise\u00f1ado de acuerdo con el [&hellip;]<\/p>\n","protected":false},"author":1,"featured_media":0,"parent":0,"menu_order":0,"comment_status":"closed","ping_status":"closed","template":"","meta":{"footnotes":""},"class_list":["post-112","page","type-page","status-publish","hentry"],"_links":{"self":[{"href":"https:\/\/www.ruts.cat\/es\/wp-json\/wp\/v2\/pages\/112","targetHints":{"allow":["GET"]}}],"collection":[{"href":"https:\/\/www.ruts.cat\/es\/wp-json\/wp\/v2\/pages"}],"about":[{"href":"https:\/\/www.ruts.cat\/es\/wp-json\/wp\/v2\/types\/page"}],"author":[{"embeddable":true,"href":"https:\/\/www.ruts.cat\/es\/wp-json\/wp\/v2\/users\/1"}],"replies":[{"embeddable":true,"href":"https:\/\/www.ruts.cat\/es\/wp-json\/wp\/v2\/comments?post=112"}],"version-history":[{"count":4,"href":"https:\/\/www.ruts.cat\/es\/wp-json\/wp\/v2\/pages\/112\/revisions"}],"predecessor-version":[{"id":140,"href":"https:\/\/www.ruts.cat\/es\/wp-json\/wp\/v2\/pages\/112\/revisions\/140"}],"wp:attachment":[{"href":"https:\/\/www.ruts.cat\/es\/wp-json\/wp\/v2\/media?parent=112"}],"curies":[{"name":"wp","href":"https:\/\/api.w.org\/{rel}","templated":true}]}}