{"id":114,"date":"2025-05-22T12:28:42","date_gmt":"2025-05-22T10:28:42","guid":{"rendered":"https:\/\/www.ruts.cat\/?page_id=114"},"modified":"2025-05-22T12:40:19","modified_gmt":"2025-05-22T10:40:19","slug":"politica-de-cookies","status":"publish","type":"page","link":"https:\/\/www.ruts.cat\/es\/politica-de-cookies\/","title":{"rendered":"Pol\u00edtica de cookies"},"content":{"rendered":"<div data-elementor-type=\"wp-page\" data-elementor-id=\"114\" class=\"elementor elementor-114\" data-elementor-post-type=\"page\">\n\t\t\t\t<div class=\"elementor-element elementor-element-a57c021 e-flex e-con-boxed e-con e-parent\" data-id=\"a57c021\" data-element_type=\"container\" data-e-type=\"container\">\n\t\t\t\t\t<div class=\"e-con-inner\">\n\t\t\t\t<div class=\"elementor-element elementor-element-cd620b5 elementor-widget elementor-widget-heading\" data-id=\"cd620b5\" data-element_type=\"widget\" data-e-type=\"widget\" data-widget_type=\"heading.default\">\n\t\t\t\t<div class=\"elementor-widget-container\">\n\t\t\t\t\t<h2 class=\"elementor-heading-title elementor-size-default\">Pol\u00edtica de cookies<\/h2>\t\t\t\t<\/div>\n\t\t\t\t<\/div>\n\t\t\t\t<div class=\"elementor-element elementor-element-2e01470 elementor-widget elementor-widget-text-editor\" data-id=\"2e01470\" data-element_type=\"widget\" data-e-type=\"widget\" data-widget_type=\"text-editor.default\">\n\t\t\t\t<div class=\"elementor-widget-container\">\n\t\t\t\t\t\t\t\t\t<p class=\"p1\"><span class=\"s1\"><b>I. \u00bfQU\u00c9 SON LAS COOKIES?<\/b><\/span><\/p><p class=\"p1\"><span class=\"s1\"><b>1. Las <i>cookies<\/i><\/b> o galletas son breves archivos de informaci\u00f3n que se env\u00edan y almacenan en el disco duro del ordenador del usuario a trav\u00e9s de su navegador cuando este se conecta a una web. Las galletas se pueden utilizar para solicitar y almacenar datos del usuario mientras est\u00e1 conectado para facilitarle los servicios solicitados y que no suelen conservarse (cookies de sesi\u00f3n), o para conservar los datos del usuario para otro tipo de servicios futuros y que se pueden conservar por un tiempo indefinido (cookies persistentes). Las galletas pueden ser propias o de terceros.<\/span><\/p><p class=\"p1\"><span class=\"s1\">Hay varios\u00a0<b>tipos de cookies<\/b>:<\/span><\/p><p class=\"p3\"><span class=\"s1\"><b><i>Cookies t\u00e9cnicas<\/i><\/b>\u00a0que facilitan la navegaci\u00f3n del usuario y el uso de las diferentes opciones o servicios que ofrece la web como identificar la sesi\u00f3n, permitir el acceso a determinadas \u00e1reas, facilitar pedidos, compras, rellenar formularios, inscripciones, seguridad, facilitar funcionalidades (videos, redes sociales, etc.).<\/span><\/p><p class=\"p3\"><span class=\"s1\"><b><i>Cookies de seguridad<\/i><\/b><i>\u00a0<\/i>que impiden o dificultan ataques contra el sitio web o sus usuarios.<\/span><\/p><p class=\"p3\"><span class=\"s1\"><b><i>Cookies de personalizaci\u00f3n<\/i><\/b>\u00a0que permiten al usuario acceder a los servicios seg\u00fan sus preferencias (idioma, navegador, configuraci\u00f3n, etc.)<\/span><\/p><p class=\"p3\"><span class=\"s1\"><b><i>Cookies de an\u00e1lisis<\/i><\/b><i>\u00a0<\/i>que permiten el an\u00e1lisis an\u00f3nimo del comportamiento de los usuarios web y permiten medir la actividad del usuario y elaborar perfiles de navegaci\u00f3n con el objetivo de mejorar los sitios web.<\/span><\/p><p class=\"p3\"><span class=\"s1\"><b><i>Cookies publicitarias<\/i><\/b><i>\u00a0<\/i>que permiten la gesti\u00f3n de la frecuencia y del contenido de los anuncios.<\/span><\/p><p class=\"p3\"><span class=\"s1\"><b><i>Cookies de publicidad<\/i><\/b>\u00a0personalizada que permiten la gesti\u00f3n de los espacios publicitarios del sitio web bas\u00e1ndose en el comportamiento y h\u00e1bitos de navegaci\u00f3n del usuario, del cual se obtiene su perfil que permite personalizar la publicidad mostrada en el navegador del usuario.<\/span><\/p><p class=\"p3\"><span class=\"s1\"><b><i>Cookies de seguimiento<\/i><\/b>\u00a0que almacenan informaci\u00f3n sobre los usuarios para mostrarles publicidad personalizada.<\/span><\/p><p class=\"p3\"><span class=\"s1\"><b><i>Cookies sociales<\/i><\/b>\u00a0que los proveedores de servicios de redes sociales pueden instalar cuando el usuario selecciona compartir un contenido determinado de nuestro sitio web en la red social en la que operan: Facebook, Twitter, YouTube\u2026<\/span><\/p><p class=\"p1\"><span class=\"s1\"><b>2.<i> <\/i>Las cookies<\/b>\u00a0tienen un papel importante, ya que\u00a0<b>sin ellas el uso de la web ser\u00eda una experiencia mucho m\u00e1s compleja.<\/b>\u00a0Desde un punto de vista t\u00e9cnico, permiten que las p\u00e1ginas web funcionen de una manera m\u00e1s \u00e1gil y adaptada a las preferencias del usuario, como, por ejemplo, almacenando su idioma. Adem\u00e1s, ayudan al responsable del sitio web a mejorar los servicios que ofrece, gracias a la informaci\u00f3n estad\u00edstica que recopilan.<\/span><\/p><p class=\"p1\"><span class=\"s1\"><b>3. Los<\/b>\u00a0<b>usuarios<\/b><i>\u00a0<\/i>tienen derecho a saber si la p\u00e1gina en la que navegan instala cookies afectadas por la ley. La norma establece los requisitos m\u00ednimos de informaci\u00f3n siguientes:<\/span><\/p><ol class=\"ol1\"><li class=\"li1\"><span class=\"s1\">\u00bfQu\u00e9 son las cookies?<\/span><\/li><li class=\"li1\"><span class=\"s1\">\u00bfPara qu\u00e9 se utilizan?<\/span><\/li><li class=\"li1\"><span class=\"s1\">\u00bfQui\u00e9n las instala?<\/span><\/li><li class=\"li1\"><span class=\"s1\">\u00bfC\u00f3mo se rechazan?<\/span><\/li><\/ol><p class=\"p1\"><span class=\"s1\"><b>4. \u00bfQui\u00e9n debe cumplir con la Ley de cookies?<\/b>\u00a0Tanto las empresas como los profesionales que tengan una p\u00e1gina web, as\u00ed como otros que ofrezcan servicios de informaci\u00f3n, deben cumplir con la ley. Y esto se aplica tanto a los establecidos en Espa\u00f1a como a quienes gestionan p\u00e1ginas web extranjeras dirigidas a Espa\u00f1a.<\/span><\/p><p class=\"p1\"><span class=\"s1\"><b>II. POL\u00cdTICA DE COOKIES<\/b><\/span><\/p><p class=\"p1\"><span class=\"s1\"><b>1. Cookies recopiladas<\/b><\/span><\/p><p class=\"p5\"><span class=\"s2\"><b>Rut\u2019s Barber Shop<\/b>\u00a0<\/span><span class=\"s1\">utiliza cookies para optimizar y mejorar la navegaci\u00f3n y la experiencia de los usuarios en todas sus webs.<\/span><\/p><p class=\"p5\"><span class=\"s1\">Google Analytics: Las datos indexados por las cookies de Google Analytics son an\u00f3nimos y se utilizan \u00fanicamente para valorar la navegaci\u00f3n en la web.<\/span><\/p><p class=\"p5\"><span class=\"s1\">Facebook, Twitter y otras redes sociales necesitan usar cookies para reconocer tu ordenador.<\/span><\/p><p class=\"p1\"><span class=\"s1\"><b>2. Desactivaci\u00f3n o eliminaci\u00f3n de cookies<\/b><\/span><\/p><p class=\"p5\"><span class=\"s1\">En cualquier momento podr\u00e1 ejercer su derecho de desactivaci\u00f3n o eliminaci\u00f3n de cookies de este sitio web. Estas acciones se realizan de forma diferente seg\u00fan el navegador que est\u00e9 utilizando.<\/span><\/p><p class=\"p1\"><span class=\"s1\"><b>3. Notas adicionales<\/b><\/span><\/p><p class=\"p7\"><span class=\"s1\">\u2022 Ni esta web ni sus representantes legales se hacen responsables ni del contenido ni de la veracidad de las pol\u00edticas de privacidad que puedan tener los terceros mencionados en esta pol\u00edtica de cookies.<\/span><\/p><p class=\"p7\"><span class=\"s1\">\u2022 Los navegadores web son las herramientas encargadas de almacenar las cookies y desde ellos ejercer su derecho a eliminaci\u00f3n o desactivaci\u00f3n de las mismas. Ni esta web ni sus representantes legales pueden garantizar la correcta o incorrecta manipulaci\u00f3n de las cookies por parte de dichos navegadores.<\/span><\/p><p class=\"p7\"><span class=\"s1\">\u2022 En algunos casos es necesario instalar cookies para que el navegador no olvide su decisi\u00f3n de no aceptaci\u00f3n de las mismas.<\/span><\/p><p class=\"p7\"><span class=\"s1\">\u2022 En el caso de las cookies de Google Analytics, esta empresa almacena las cookies en servidores en Estados Unidos y se compromete a no compartirlas con terceros, excepto cuando sea necesario para el funcionamiento del sistema o cuando la ley lo exija. Seg\u00fan Google, no guarda su direcci\u00f3n IP. Google Inc es una compa\u00f1\u00eda adherida al Acuerdo de Puerto Seguro que garantiza que todos los datos transferidos ser\u00e1n tratados con un nivel de protecci\u00f3n acorde con la normativa europea. Si desea informaci\u00f3n sobre el uso que Google da a las cookies le adjuntamos este otro enlace.\u00a0<\/span><span class=\"s3\"><a href=\"https:\/\/developers.google.com\/analytics\/devguides\/collection\/analyticsjs\/cookie-usage?hl=es&amp;csw=1\" target=\"_blank\" rel=\"noopener\">enlla\u00e7<\/a><\/span><span class=\"s1\">.<\/span><\/p><p class=\"p7\"><span class=\"s1\">\u2022 Para cualquier duda o consulta sobre esta pol\u00edtica de cookies no dude en comunicarse con nosotros a trav\u00e9s de la secci\u00f3n de contacto.<\/span><\/p>\t\t\t\t\t\t\t\t<\/div>\n\t\t\t\t<\/div>\n\t\t\t\t\t<\/div>\n\t\t\t\t<\/div>\n\t\t\t\t<\/div>","protected":false},"excerpt":{"rendered":"<p>I. QU\u00c8 S\u00d3N LES COOKIES? 1. Les cookies o galetes\u00a0s\u00f3n breus arxius d\u2019informaci\u00f3 que s\u2019envien i s\u2019emmagatzemen en el disc dur de l\u2019ordinador de l\u2019usuari a trav\u00e9s del seu navegador quan aquest es connecta a una web. Les\u00a0galetes\u00a0es poden utilitzar per demanar i emmagatzemar dades de l\u2019usuari mentre est\u00e0 connectat per facilitar-li els serveis sol\u00b7licitats [&hellip;]<\/p>\n","protected":false},"author":1,"featured_media":0,"parent":0,"menu_order":0,"comment_status":"closed","ping_status":"closed","template":"","meta":{"footnotes":""},"class_list":["post-114","page","type-page","status-publish","hentry"],"_links":{"self":[{"href":"https:\/\/www.ruts.cat\/es\/wp-json\/wp\/v2\/pages\/114","targetHints":{"allow":["GET"]}}],"collection":[{"href":"https:\/\/www.ruts.cat\/es\/wp-json\/wp\/v2\/pages"}],"about":[{"href":"https:\/\/www.ruts.cat\/es\/wp-json\/wp\/v2\/types\/page"}],"author":[{"embeddable":true,"href":"https:\/\/www.ruts.cat\/es\/wp-json\/wp\/v2\/users\/1"}],"replies":[{"embeddable":true,"href":"https:\/\/www.ruts.cat\/es\/wp-json\/wp\/v2\/comments?post=114"}],"version-history":[{"count":7,"href":"https:\/\/www.ruts.cat\/es\/wp-json\/wp\/v2\/pages\/114\/revisions"}],"predecessor-version":[{"id":132,"href":"https:\/\/www.ruts.cat\/es\/wp-json\/wp\/v2\/pages\/114\/revisions\/132"}],"wp:attachment":[{"href":"https:\/\/www.ruts.cat\/es\/wp-json\/wp\/v2\/media?parent=114"}],"curies":[{"name":"wp","href":"https:\/\/api.w.org\/{rel}","templated":true}]}}