{"id":114,"date":"2025-05-22T12:28:42","date_gmt":"2025-05-22T10:28:42","guid":{"rendered":"https:\/\/www.ruts.cat\/?page_id=114"},"modified":"2025-05-22T12:40:19","modified_gmt":"2025-05-22T10:40:19","slug":"politica-de-cookies","status":"publish","type":"page","link":"https:\/\/www.ruts.cat\/fr\/politica-de-cookies\/","title":{"rendered":"Politique de cookies"},"content":{"rendered":"<div data-elementor-type=\"wp-page\" data-elementor-id=\"114\" class=\"elementor elementor-114\" data-elementor-post-type=\"page\">\n\t\t\t\t<div class=\"elementor-element elementor-element-a57c021 e-flex e-con-boxed e-con e-parent\" data-id=\"a57c021\" data-element_type=\"container\" data-e-type=\"container\">\n\t\t\t\t\t<div class=\"e-con-inner\">\n\t\t\t\t<div class=\"elementor-element elementor-element-cd620b5 elementor-widget elementor-widget-heading\" data-id=\"cd620b5\" data-element_type=\"widget\" data-e-type=\"widget\" data-widget_type=\"heading.default\">\n\t\t\t\t<div class=\"elementor-widget-container\">\n\t\t\t\t\t<h2 class=\"elementor-heading-title elementor-size-default\">Politique de cookies<\/h2>\t\t\t\t<\/div>\n\t\t\t\t<\/div>\n\t\t\t\t<div class=\"elementor-element elementor-element-2e01470 elementor-widget elementor-widget-text-editor\" data-id=\"2e01470\" data-element_type=\"widget\" data-e-type=\"widget\" data-widget_type=\"text-editor.default\">\n\t\t\t\t<div class=\"elementor-widget-container\">\n\t\t\t\t\t\t\t\t\t<p class=\"p1\"><span class=\"s1\"><b>I. QU\u2019EST-CE QUE LES COOKIES ?<\/b><\/span><\/p><p class=\"p1\"><span class=\"s1\"><b>1. Les <i>cookies<\/i><\/b> ou t\u00e9moins sont de courts fichiers d\u2019informations qui sont envoy\u00e9s et stock\u00e9s sur le disque dur de l\u2019ordinateur de l\u2019utilisateur via son navigateur lorsqu\u2019il se connecte \u00e0 un site web. Les cookies peuvent \u00eatre utilis\u00e9s pour demander et stocker des donn\u00e9es de l\u2019utilisateur pendant qu\u2019il est connect\u00e9 afin de faciliter les services demand\u00e9s et qui ne sont g\u00e9n\u00e9ralement pas conserv\u00e9s (cookies de session), ou pour conserver les donn\u00e9es de l\u2019utilisateur pour d\u2019autres types de services futurs et qui peuvent \u00eatre conserv\u00e9s pour une dur\u00e9e ind\u00e9finie (cookies persistants). Les cookies peuvent \u00eatre propres ou tiers.<\/span><\/p><p class=\"p1\"><span class=\"s1\">Il existe diff\u00e9rents\u00a0<b>types de cookies<\/b>:<\/span><\/p><p class=\"p3\"><span class=\"s1\"><b><i>Cookies techniques<\/i><\/b>\u00a0qui facilitent la navigation de l\u2019utilisateur et l\u2019utilisation des diff\u00e9rentes options ou services offerts par le site web tels que l\u2019identification de la session, permettre l\u2019acc\u00e8s \u00e0 certaines zones, faciliter les commandes, achats, remplir des formulaires, inscriptions, s\u00e9curit\u00e9, faciliter les fonctionnalit\u00e9s (vid\u00e9os, r\u00e9seaux sociaux, etc.).<\/span><\/p><p class=\"p3\"><span class=\"s1\"><b><i>Cookies de s\u00e9curit\u00e9<\/i><\/b><i>\u00a0<\/i>qui emp\u00eachent ou rendent difficiles les attaques contre le site web ou ses utilisateurs.<\/span><\/p><p class=\"p3\"><span class=\"s1\"><b><i>Cookies de personnalisation<\/i><\/b>\u00a0qui permettent \u00e0 l\u2019utilisateur d\u2019acc\u00e9der aux services selon ses pr\u00e9f\u00e9rences (langue, navigateur, configuration, etc.)<\/span><\/p><p class=\"p3\"><span class=\"s1\"><b><i>Cookies d\u2019analyse<\/i><\/b><i>\u00a0<\/i>qui permettent l\u2019analyse anonyme du comportement des utilisateurs du web et permettent de mesurer l\u2019activit\u00e9 de l\u2019utilisateur et d\u2019\u00e9laborer des profils de navigation dans le but d\u2019am\u00e9liorer les sites web.<\/span><\/p><p class=\"p3\"><span class=\"s1\"><b><i>Cookies publicitaires<\/i><\/b><i>\u00a0<\/i>qui permettent la gestion de la fr\u00e9quence et du contenu des annonces.<\/span><\/p><p class=\"p3\"><span class=\"s1\"><b><i>Cookies de publicit\u00e9<\/i><\/b>\u00a0personnalis\u00e9e qui permettent la gestion des espaces publicitaires du site web sur la base du comportement et des habitudes de navigation de l\u2019utilisateur, dont est obtenu son profil permettant de personnaliser la publicit\u00e9 affich\u00e9e dans le navigateur de l\u2019utilisateur.<\/span><\/p><p class=\"p3\"><span class=\"s1\"><b><i>Cookies de suivi<\/i><\/b>\u00a0qui stockent des informations sur les utilisateurs afin de leur afficher de la publicit\u00e9 personnalis\u00e9e.<\/span><\/p><p class=\"p3\"><span class=\"s1\"><b><i>Cookies sociales<\/i><\/b>\u00a0que les fournisseurs de services de r\u00e9seaux sociaux peuvent installer lorsque l\u2019utilisateur choisit de partager un contenu sp\u00e9cifique de notre site web sur le r\u00e9seau social o\u00f9 ils op\u00e8rent : Facebook, Twitter, YouTube\u2026<\/span><\/p><p class=\"p1\"><span class=\"s1\"><b>2.<i> <\/i>Les cookies<\/b>\u00a0jouent un r\u00f4le important, car\u00a0<b>sans elles, l\u2019utilisation du web serait une exp\u00e9rience beaucoup plus complexe.<\/b>\u00a0D\u2019un point de vue technique, elles permettent aux pages web de fonctionner de mani\u00e8re plus fluide et adapt\u00e9e aux pr\u00e9f\u00e9rences de l\u2019utilisateur, comme par exemple en stockant sa langue. De plus, elles aident le responsable du site web \u00e0 am\u00e9liorer les services qu\u2019il propose, gr\u00e2ce aux informations statistiques qu\u2019elles recueillent.<\/span><\/p><p class=\"p1\"><span class=\"s1\"><b>3. Les<\/b>\u00a0<b>utilisateurs<\/b><i>\u00a0<\/i>ont le droit de savoir si la page qu\u2019ils consultent installe des cookies soumis \u00e0 la loi. La r\u00e9glementation \u00e9tablit les exigences minimales d\u2019information suivantes :<\/span><\/p><ol class=\"ol1\"><li class=\"li1\"><span class=\"s1\">Que sont les cookies ?<\/span><\/li><li class=\"li1\"><span class=\"s1\">\u00c0 quoi servent-elles ?<\/span><\/li><li class=\"li1\"><span class=\"s1\">Qui les installe ?<\/span><\/li><li class=\"li1\"><span class=\"s1\">Comment les refuser ?<\/span><\/li><\/ol><p class=\"p1\"><span class=\"s1\"><b>4. Qui doit se conformer \u00e0 la loi sur les cookies ?<\/b>\u00a0Tant les entreprises que les professionnels qui ont un site web, ainsi que d'autres fournissant des services d'information, doivent respecter la loi. Et cela s'applique aussi bien \u00e0 ceux \u00e9tablis en Espagne qu'\u00e0 ceux qui g\u00e8rent des sites web \u00e9trangers destin\u00e9s \u00e0 l'Espagne.<\/span><\/p><p class=\"p1\"><span class=\"s1\"><b>II. POLITIQUE DE COOKIES<\/b><\/span><\/p><p class=\"p1\"><span class=\"s1\"><b>1. Cookies collect\u00e9es<\/b><\/span><\/p><p class=\"p5\"><span class=\"s2\"><b>Rut\u2019s Barber Shop<\/b>\u00a0<\/span><span class=\"s1\">utilise des cookies pour optimiser et am\u00e9liorer la navigation et l\u2019exp\u00e9rience des utilisateurs sur tous ses sites web.<\/span><\/p><p class=\"p5\"><span class=\"s1\">Google Analytics : Les donn\u00e9es index\u00e9es par les cookies de Google Analytics sont anonymes et sont utilis\u00e9es uniquement pour \u00e9valuer la navigation sur le site web.<\/span><\/p><p class=\"p5\"><span class=\"s1\">Facebook, Twitter et d'autres r\u00e9seaux sociaux ont besoin d'utiliser des cookies pour reconna\u00eetre votre ordinateur.<\/span><\/p><p class=\"p1\"><span class=\"s1\"><b>2. D\u00e9sactivation ou suppression des cookies<\/b><\/span><\/p><p class=\"p5\"><span class=\"s1\">Vous pouvez \u00e0 tout moment exercer votre droit de d\u00e9sactivation ou de suppression des cookies de ce site web. Ces actions sont r\u00e9alis\u00e9es diff\u00e9remment selon le navigateur que vous utilisez.<\/span><\/p><p class=\"p1\"><span class=\"s1\"><b>3. Notes additionnelles<\/b><\/span><\/p><p class=\"p7\"><span class=\"s1\">\u2022 Ni ce site web ni ses repr\u00e9sentants l\u00e9gaux ne sont responsables du contenu ni de la v\u00e9racit\u00e9 des politiques de confidentialit\u00e9 que les tiers mentionn\u00e9s dans cette politique de cookies peuvent avoir.<\/span><\/p><p class=\"p7\"><span class=\"s1\">\u2022 Les navigateurs web sont les outils charg\u00e9s de stocker les cookies et de permettre d\u2019exercer votre droit de suppression ou de d\u00e9sactivation. Ni ce site web ni ses repr\u00e9sentants l\u00e9gaux ne peuvent garantir la manipulation correcte ou incorrecte des cookies par ces navigateurs.<\/span><\/p><p class=\"p7\"><span class=\"s1\">\u2022 Dans certains cas, il est n\u00e9cessaire d\u2019installer des cookies pour que le navigateur n\u2019oublie pas votre d\u00e9cision de non-acceptation.<\/span><\/p><p class=\"p7\"><span class=\"s1\">\u2022 Dans le cas des cookies de Google Analytics, cette entreprise stocke les cookies sur des serveurs aux \u00c9tats-Unis et s\u2019engage \u00e0 ne pas les partager avec des tiers, sauf lorsque cela est n\u00e9cessaire pour le fonctionnement du syst\u00e8me ou lorsque la loi l\u2019exige. Selon Google, elle ne conserve pas votre adresse IP. Google Inc est une soci\u00e9t\u00e9 adh\u00e9rente \u00e0 l\u2019Accord Safe Harbor qui garantit que toutes les donn\u00e9es transf\u00e9r\u00e9es seront trait\u00e9es avec un niveau de protection conforme \u00e0 la r\u00e9glementation europ\u00e9enne. Si vous souhaitez des informations sur l\u2019utilisation des cookies par Google, nous vous joignons ce lien suppl\u00e9mentaire.\u00a0<\/span><span class=\"s3\"><a href=\"https:\/\/developers.google.com\/analytics\/devguides\/collection\/analyticsjs\/cookie-usage?hl=es&amp;csw=1\" target=\"_blank\" rel=\"noopener\">enlla\u00e7<\/a><\/span><span class=\"s1\">.<\/span><\/p><p class=\"p7\"><span class=\"s1\">\u2022 Pour toute question ou demande concernant cette politique de cookies, n\u2019h\u00e9sitez pas \u00e0 nous contacter via la section contact.<\/span><\/p>\t\t\t\t\t\t\t\t<\/div>\n\t\t\t\t<\/div>\n\t\t\t\t\t<\/div>\n\t\t\t\t<\/div>\n\t\t\t\t<\/div>","protected":false},"excerpt":{"rendered":"<p>I. QU\u00c8 S\u00d3N LES COOKIES? 1. Les cookies o galetes\u00a0s\u00f3n breus arxius d\u2019informaci\u00f3 que s\u2019envien i s\u2019emmagatzemen en el disc dur de l\u2019ordinador de l\u2019usuari a trav\u00e9s del seu navegador quan aquest es connecta a una web. Les\u00a0galetes\u00a0es poden utilitzar per demanar i emmagatzemar dades de l\u2019usuari mentre est\u00e0 connectat per facilitar-li els serveis sol\u00b7licitats [&hellip;]<\/p>\n","protected":false},"author":1,"featured_media":0,"parent":0,"menu_order":0,"comment_status":"closed","ping_status":"closed","template":"","meta":{"footnotes":""},"class_list":["post-114","page","type-page","status-publish","hentry"],"_links":{"self":[{"href":"https:\/\/www.ruts.cat\/fr\/wp-json\/wp\/v2\/pages\/114","targetHints":{"allow":["GET"]}}],"collection":[{"href":"https:\/\/www.ruts.cat\/fr\/wp-json\/wp\/v2\/pages"}],"about":[{"href":"https:\/\/www.ruts.cat\/fr\/wp-json\/wp\/v2\/types\/page"}],"author":[{"embeddable":true,"href":"https:\/\/www.ruts.cat\/fr\/wp-json\/wp\/v2\/users\/1"}],"replies":[{"embeddable":true,"href":"https:\/\/www.ruts.cat\/fr\/wp-json\/wp\/v2\/comments?post=114"}],"version-history":[{"count":7,"href":"https:\/\/www.ruts.cat\/fr\/wp-json\/wp\/v2\/pages\/114\/revisions"}],"predecessor-version":[{"id":132,"href":"https:\/\/www.ruts.cat\/fr\/wp-json\/wp\/v2\/pages\/114\/revisions\/132"}],"wp:attachment":[{"href":"https:\/\/www.ruts.cat\/fr\/wp-json\/wp\/v2\/media?parent=114"}],"curies":[{"name":"wp","href":"https:\/\/api.w.org\/{rel}","templated":true}]}}